{"id":3333,"date":"2015-04-02T14:27:28","date_gmt":"2015-04-02T20:27:28","guid":{"rendered":"http:\/\/endodonciaxalapa.com\/?page_id=3333"},"modified":"2015-04-30T13:44:17","modified_gmt":"2015-04-30T19:44:17","slug":"fracturas-y-grietas","status":"publish","type":"page","link":"https:\/\/endodonciaxalapa.com\/?page_id=3333","title":{"rendered":"Fracturas"},"content":{"rendered":"<div  class='tabcontainer av-av_tab_container-cdfb33d025ccce82e3bec7780d128c1e sidebar_tab sidebar_tab_left  avia-builder-el-0  avia-builder-el-no-sibling  border_tabs' role='tablist'>\n<section class='av_tab_section av_tab_section av-av_tab-db82a516a98330b445c2804283eb2bc1'  itemscope=\"itemscope\" itemtype=\"https:\/\/schema.org\/CreativeWork\" ><div class='tab active_tab' role='tab' tabindex='0' data-fake-id='#tab-id-1' aria-controls='tab-id-1-content'  itemprop=\"headline\" >Una gu\u00eda sobre los dientes agrietados o fracturados<\/div><div id='tab-id-1-content' class='tab_content active_tab_content' aria-hidden=\"false\"><div class='tab_inner_content invers-color'  itemprop=\"text\" ><p style=\"text-align: justify;\">Con procedimientos m\u00e1s sofisticados, los dentistas est\u00e1n ayudando a la gente a mantener sus dientes naturales por un tiempo de vida mayor. Como sabemos la gente de hoy en d\u00eda tiene una vida m\u00e1s larga y m\u00e1s estresada, por esta raz\u00f3n sus dientes est\u00e1n mucho m\u00e1s expuestos a h\u00e1bitos que pueden inducir una grieta en los dientes, tales como apretar y masticar objetos y rechinar los dientes. Estos h\u00e1bitos hacen que nuestros dientes m\u00e1s susceptibles a las fracturas.<\/p>\n<p style=\"text-align: justify;\">Probablemente usted est\u00e1 leyendo esta informaci\u00f3n, porque su dentista o\u00a0endodoncista le ha comentado que usted puede tener un diente agrietado o\u00a0fracturado. Los dientes agrietados o\u00a0fracturados presentan una gran variedad de s\u00edntomas, incluyendo dolor err\u00e1tico al masticar, posiblemente dolor al masticar con mucha fuerza, o\u00a0dolor cuando el diente se expone a temperaturas extremas. En muchos casos, el dolor puede ir y venir, debido a esta raz\u00f3n su dentista puede tener dificultades en localizar el diente que esta causando estas molestias.<\/p>\n<\/div><\/div><\/section>\n<section class='av_tab_section av_tab_section av-av_tab-0a45e8020e7aca454bfcfa5a8628d140'  itemscope=\"itemscope\" itemtype=\"https:\/\/schema.org\/CreativeWork\" ><div class='tab' role='tab' tabindex='0' data-fake-id='#tab-id-2' aria-controls='tab-id-2-content'  itemprop=\"headline\" >\u00bfPor qu\u00e9 me han referido canalizado con un endodoncista?<\/div><div id='tab-id-2-content' class='tab_content' aria-hidden=\"true\"><div class='tab_inner_content invers-color'  itemprop=\"text\" ><p style=\"text-align: justify;\">Todos los dentistas han sido entrenados para diagnosticar y tratar los dientes agrietados y fracturados en la escuela de odontolog\u00eda. Sin embargo, algunos dientes fracturados, pueden ser especialmente dif\u00edciles de diagnosticar, y el tratamiento puede implicar una endodoncia. \u00c9se es el por qu\u00e9 usted ha sido canalizado con un endodoncista.<\/p>\n<p style=\"text-align: justify;\">Los endodoncistas, son dentistas que por lo menos estudiaron 2 a\u00f1os m\u00e1s sobre el diagnostico y el tratamiento de dolores inusuales en los dientes. El dolor q se presenta a menudo en un diente fracturado es generado por el da\u00f1o al tejido suave interno del dente, conocido como\u00a0pulpa. Un tratamiento de endodonda puede ayudar a aliviar ese dolor.<\/p>\n<p style=\"text-align: justify;\">Un r\u00e1pido diagnostico es extremadamente importante. Como las fracturas en un parabrisas de autom\u00f3vil, las fracturas en dientes comienzan con un peque\u00f1o y lento progreso. Cuanto m\u00e1s pronto la fractura sea detectada y tratada, mayor oportunidad habr\u00e1 de salvar su diente. El entrenamiento especial y la experiencia de los endodoncistas pueden tener un gran valor cuando se sospecha que existe un diente agrietado.<\/p>\n<\/div><\/div><\/section>\n<section class='av_tab_section av_tab_section av-av_tab-501c4516f125c1fd046ca09d6c299c55'  itemscope=\"itemscope\" itemtype=\"https:\/\/schema.org\/CreativeWork\" ><div class='tab' role='tab' tabindex='0' data-fake-id='#tab-id-3' aria-controls='tab-id-3-content'  itemprop=\"headline\" >\u00bfPor qu\u00e9 un diente fracturado lastima?<\/div><div id='tab-id-3-content' class='tab_content' aria-hidden=\"true\"><div class='tab_inner_content invers-color'  itemprop=\"text\" ><p style=\"text-align: justify;\">Para entender porqu\u00e9 un diente agrietado lastima, nos ayudar\u00eda conocer algunas cosas sobre la anatom\u00eda de los dientes. En el interior de los dientes, debajo del esmalte blanco y una capa dura llamada dentina, hay un suave tejido llamado pulpa. La pulpa contiene vasos sangu\u00edneos, nervios, tejido conectivo y crea tejido duro que se forma durante el desarrollo del diente.<\/p>\n<p style=\"text-align: justify;\">Cuando los tejidos duros externos del diente est\u00e1n agrietados, la masticaci\u00f3n puede causar el movimiento en las partes del diente, y la pulpa comenzar a irritarse. Cuando la presi\u00f3n de la mordedura es liberada, la grieta puede cerrar r\u00e1pidamente, dando\u00a0por resultado un dolor agudo pero\u00a0moment\u00e1neo. La imitaci\u00f3n de la pulpa dental se puede repetir muchas veces cuando se esta masticando. Eventualmente, la pulpa llegara a un punto de da\u00f1o, lo que dar\u00e1 como resultado que no pueda sanar por si misma. El diente no solo se lastimar\u00e1 cuando se mastica sino que puede tambi\u00e9n llegar a ser sensible a los extremos de la temperatura.<\/p>\n<p style=\"text-align: justify;\">Con el tiempo, un diente agrietado puede comenzar a lastimarse a si mismo. Las grietas extensas pueden conducir a la infecci\u00f3n del tejido palpar, lo cual podr\u00eda separar el tejido del hueso y la enc\u00eda que rodean al diente.<\/p>\n<\/div><\/div><\/section>\n<section class='av_tab_section av_tab_section av-av_tab-8e509003b134e1476b87aac6f22661e1'  itemscope=\"itemscope\" itemtype=\"https:\/\/schema.org\/CreativeWork\" ><div class='tab' role='tab' tabindex='0' data-fake-id='#tab-id-4' aria-controls='tab-id-4-content'  itemprop=\"headline\" >Tipos de fracturas<\/div><div id='tab-id-4-content' class='tab_content' aria-hidden=\"true\"><div class='tab_inner_content invers-color'  itemprop=\"text\" ><p style=\"text-align: justify;\">Existen diversos tipos de dientes fracturados. El tratamiento y el resultado para su diente dependen del tipo, de la localizaci\u00f3n, y de la severidad de la fractura.<\/p>\n<p style=\"text-align: justify;\"><strong>L\u00edneas locas<\/strong><\/p>\n<p style=\"text-align: justify;\">Las l\u00edneas locas, son grietas nin\u00fasculas que afectan solamente el esmalte externo. Estas grietas son extremadamente comunes en los dientes de los adultos. Las l\u00edneas de locas son poco profundas, no causan ning\u00fan dolor, y no presentan ninguna preocupaci\u00f3n m\u00e1s all\u00e1 del aspecto de los dientes.<\/p>\n<p style=\"text-align: justify;\"><strong>C\u00faspide fracturada.<\/strong><\/p>\n<p style=\"text-align: justify;\">Cuando la c\u00faspide (la parte acentuada de la superfide de masticaci\u00f3n) se debilita, en ocasiones nos da como resultado una fractura. Una c\u00faspide debilitada puede romperse por s\u00ed misma o\u00a0puede ser removida por el dentista. Generalmente, cuando esto sucede, el dolor desaparece.<\/p>\n<p style=\"text-align: justify;\">Una c\u00faspide fracturada, raramente da\u00f1a la pulpa, as\u00ed que un tratamiento de endodoncia es muy probable que no sea necesario. Normalmente el diente ser\u00e1 restaurado por su dentista con una corona completa.<\/p>\n<\/div><\/div><\/section>\n<section class='av_tab_section av_tab_section av-av_tab-995f9746a1ebaed60ebe46b6e24c4a93'  itemscope=\"itemscope\" itemtype=\"https:\/\/schema.org\/CreativeWork\" ><div class='tab' role='tab' tabindex='0' data-fake-id='#tab-id-5' aria-controls='tab-id-5-content'  itemprop=\"headline\" >Diente agrietado<\/div><div id='tab-id-5-content' class='tab_content' aria-hidden=\"true\"><div class='tab_inner_content invers-color'  itemprop=\"text\" ><p style=\"text-align: justify;\">Este tipo de fractura se extiende verticalmente desde la superficie de masticaci\u00f3n del diente hacia la ra\u00edz. Algunas veces la grieta se puede extender hasta debajo de la l\u00ednea de la enc\u00eda, y en casos muy severos, hasta la ra\u00edz. Un diente agrietado no se separa totalmente en dos segmentos distintos. Debido a la posici\u00f3n de la grieta, el da\u00f1o a la pulpa es muy com\u00fan. Debido a esto se necesita un frecuente tratamiento de endodoncia para tratar la pulpa da\u00f1ada. Despu\u00e9s su dentista restaurar\u00e1 su diente con una corona\u00a0completa para unir y proteger el diente agrietado. Un r\u00e1pido diagnostico es importante. Incluso con una gran ampliaci\u00f3n e iluminaci\u00f3n especial, en ocasiones es dif\u00edcil determinar la extensi\u00f3n de una grieta. Un diente agrietado que no es tratado empeorar\u00e1 progresivamente, eventualmente dando como\u00a0resultado la p\u00e9rdida del diente. Un diagnostico r\u00e1pido y un correcto tratamiento son esenciales para ayudar a salvar sus dientes.<\/p>\n<\/div><\/div><\/section>\n<section class='av_tab_section av_tab_section av-av_tab-b7f3eb787815a65da80450aa26bed6a6'  itemscope=\"itemscope\" itemtype=\"https:\/\/schema.org\/CreativeWork\" ><div class='tab' role='tab' tabindex='0' data-fake-id='#tab-id-6' aria-controls='tab-id-6-content'  itemprop=\"headline\" >Diente partido<\/div><div id='tab-id-6-content' class='tab_content' aria-hidden=\"true\"><div class='tab_inner_content invers-color'  itemprop=\"text\" ><p style=\"text-align: justify;\">A menudo, un diente partido es el resultado de la progresi\u00f3n a largo plazo de un diente agrietado. El diente partido es identificado por una grieta con segmentos distintos los cuales pueden ser separados. Un diente partido nunca podr\u00e1 quedar intacto. Sin embargo la posici\u00f3n y la extensi\u00f3n de la grieta, determinar\u00e1n si alguna parte del diente podr\u00e1 ser salvado.<\/p>\n<p style=\"text-align: justify;\">En casos muy raros, un tratamiento de endodoncia y una corona\u00a0o\u00a0alguna otra restauraci\u00f3n de su dentista, se pueden utilizar para ayudar a salvar una parte de su diente.<\/p>\n<\/div><\/div><\/section>\n<section class='av_tab_section av_tab_section av-av_tab-1c23640e69aec310ac6ede1f5b2353a5'  itemscope=\"itemscope\" itemtype=\"https:\/\/schema.org\/CreativeWork\" ><div class='tab' role='tab' tabindex='0' data-fake-id='#tab-id-7' aria-controls='tab-id-7-content'  itemprop=\"headline\" >Fractura vertical de ra\u00edz<\/div><div id='tab-id-7-content' class='tab_content' aria-hidden=\"true\"><div class='tab_inner_content invers-color'  itemprop=\"text\" ><p style=\"text-align: justify;\">Las fracturas verticales de ra\u00edz son las grietas que comienzan en la ra\u00edz del diente y se extienden hacia la superficie de masticaci\u00f3n. A menudo presentan muestras y s\u00edntomas m\u00ednimos y pueden por lo tanto pasar inadvertidas por un tiempo. Las fracturas verticales de ra\u00edz se descubren cuando el hueso y la enc\u00eda circundantes se infectan.<\/p>\n<p style=\"text-align: justify;\">El tratamiento implica generalmente la extracci\u00f3n del diente. Sin embargo, la cirug\u00eda endod\u00f3ntica es a veces apropiada y una parte puede del diente puede ser salvada removiendo la ra\u00edz\u00a0fracturada.<\/p>\n<\/div><\/div><\/section>\n<section class='av_tab_section av_tab_section av-av_tab-749191d3abc43f08632327f98a9e1150'  itemscope=\"itemscope\" itemtype=\"https:\/\/schema.org\/CreativeWork\" ><div class='tab' role='tab' tabindex='0' data-fake-id='#tab-id-8' aria-controls='tab-id-8-content'  itemprop=\"headline\" >\u00bfMi diente sanar\u00e1 completamente?<\/div><div id='tab-id-8-content' class='tab_content' aria-hidden=\"true\"><div class='tab_inner_content invers-color'  itemprop=\"text\" ><p style=\"text-align: justify;\">A diferencia de un hueso roto, la fractura en un diente agrietado nunca sanar\u00e1. A pesar del tratarriento, algunas gietas pueden continuar progresando y separ\u00e1ndose, dando por resultado la p\u00e9rdida del diente. La colocaci\u00f3n de una corona en un diente agrietado proporciona la protecci\u00f3n m\u00e1xima pero no garantiza \u00e9xito en todos los casos. El tratamiento que usted recibe sobre un diente agrietado es importante porque aliviar\u00e1 el dolor y reducir\u00e1 la probabilidad de que la grieta empeore. Una vez que est\u00e9n tratados, la mayor\u00eda de los dientes agrietados continuaran funcionando y proporcionando a\u00f1os de una c\u00f3moda masticaci\u00f3n. Hable con su dentista y\/o endodoncista sobre las recomendaciones particulares de su diagnostico y del tratamiento. Ellos le aconsejar\u00e1n c\u00f3mo conservar sus dientes naturales y alcanzar una salud dental \u00f3ptima.<\/p>\n<p style=\"text-align: justify;\">TODA LA INFORMACION DE ESTA PAGINA FUE TOMADA EN SU TOTALIDAD DE LA ASOCIACION AMERICANA DE ENDODONCIA (AAE), ESTO SOLO CON FINES INFORMATIVOS Y SIN NUNGUN FIN DE\u00a0LUCRO<\/p>\n<\/div><\/div><\/section>\n<\/div>\n","protected":false},"excerpt":{"rendered":"","protected":false},"author":3,"featured_media":0,"parent":0,"menu_order":0,"comment_status":"closed","ping_status":"closed","template":"","meta":{"footnotes":""},"class_list":["post-3333","page","type-page","status-publish","hentry"],"_links":{"self":[{"href":"https:\/\/endodonciaxalapa.com\/index.php?rest_route=\/wp\/v2\/pages\/3333","targetHints":{"allow":["GET"]}}],"collection":[{"href":"https:\/\/endodonciaxalapa.com\/index.php?rest_route=\/wp\/v2\/pages"}],"about":[{"href":"https:\/\/endodonciaxalapa.com\/index.php?rest_route=\/wp\/v2\/types\/page"}],"author":[{"embeddable":true,"href":"https:\/\/endodonciaxalapa.com\/index.php?rest_route=\/wp\/v2\/users\/3"}],"replies":[{"embeddable":true,"href":"https:\/\/endodonciaxalapa.com\/index.php?rest_route=%2Fwp%2Fv2%2Fcomments&post=3333"}],"version-history":[{"count":2,"href":"https:\/\/endodonciaxalapa.com\/index.php?rest_route=\/wp\/v2\/pages\/3333\/revisions"}],"predecessor-version":[{"id":3444,"href":"https:\/\/endodonciaxalapa.com\/index.php?rest_route=\/wp\/v2\/pages\/3333\/revisions\/3444"}],"wp:attachment":[{"href":"https:\/\/endodonciaxalapa.com\/index.php?rest_route=%2Fwp%2Fv2%2Fmedia&parent=3333"}],"curies":[{"name":"wp","href":"https:\/\/api.w.org\/{rel}","templated":true}]}}