{"id":3321,"date":"2015-04-02T12:34:43","date_gmt":"2015-04-02T18:34:43","guid":{"rendered":"http:\/\/endodonciaxalapa.com\/?page_id=3321"},"modified":"2015-04-30T13:48:24","modified_gmt":"2015-04-30T19:48:24","slug":"traumatismos-y-lesiones","status":"publish","type":"page","link":"https:\/\/endodonciaxalapa.com\/?page_id=3321","title":{"rendered":"Traumatismos"},"content":{"rendered":"<div  class='tabcontainer av-av_tab_container-cdfb33d025ccce82e3bec7780d128c1e sidebar_tab sidebar_tab_left  avia-builder-el-0  avia-builder-el-no-sibling  border_tabs' role='tablist'>\n<section class='av_tab_section av_tab_section av-av_tab-47c02486442a1873a129012a22626a84'  itemscope=\"itemscope\" itemtype=\"https:\/\/schema.org\/CreativeWork\" ><div class='tab active_tab' role='tab' tabindex='0' data-fake-id='#tab-id-1' aria-controls='tab-id-1-content'  itemprop=\"headline\" >Una gu\u00eda sobre el traumatismo y las lesiones dentales<\/div><div id='tab-id-1-content' class='tab_content active_tab_content' aria-hidden=\"false\"><div class='tab_inner_content invers-color'  itemprop=\"text\" ><p style=\"text-align: justify;\">La mayor\u00eda de los traumatismos dentales ocurren en los ni\u00f1os, pero la gente de todas las edades tambi\u00e9n se pueden ver afectadas. Si la lesi\u00f3n es como resultado de un accidente automovil\u00edstico, un golpe practicando alg\u00fan deporte, una pelea, o una mala ca\u00edda; la severidad y el tipo de traumatismo es el que determinar\u00e1n el tratamiento necesario.<br \/>\nHay muchas\u00a0lesiones comunes que le pueden ocurrir\u00a0a los dientes. Muchas de ellas afectan el tejido interno suave de los dientes, conocido como\u00a0pulpa dental. Cuando la pulpa se empieza a inflamar o a infectar un tratamiento de endodoncia puede ser necesario.<\/p>\n<\/div><\/div><\/section>\n<section class='av_tab_section av_tab_section av-av_tab-fbc7206fce000c93d7dfbacf9110c529'  itemscope=\"itemscope\" itemtype=\"https:\/\/schema.org\/CreativeWork\" ><div class='tab' role='tab' tabindex='0' data-fake-id='#tab-id-2' aria-controls='tab-id-2-content'  itemprop=\"headline\" >\u00bfQu\u00e9 es un tratamiento de endodoncia? <\/div><div id='tab-id-2-content' class='tab_content' aria-hidden=\"true\"><div class='tab_inner_content invers-color'  itemprop=\"text\" ><p style=\"text-align: justify;\">Para entender mejor que es un tratarriento de endaioncia, necesitamos saber algunas cosas sobre la anatom\u00eda de los dientes. Un tejido suave llamado pulpa se encuentra dentro de los dientes, debajo del esmalte y de una capa espesa llamada dentina. La pulpa, la cual contiene vasos sangu\u00edneos y nervios, crea un duro tejido alrededor de los dientes durante su desarrollo.<\/p>\n<p style=\"text-align: justify;\">La pulpa se extiende desde la corona (la parte de los dientes con la que masticamos), hasta la punta de las ra\u00edces, donde se conectan los tejidos envolviendo a la ra\u00edz. La pulpa es importante durante el credmiento y desarrollo de los clentes. Un diente completamente desarrollado puede mantenerse en la boca, a pesar de haberse eliminado el tejido pulpar, es decir que ya ha sido tratado endod\u00f3nticamante por que el diente continua recibiendo nutrientes a trav\u00e9s de los tejidos que lo rodean.<br \/>\nUn tratamiento de endodoncia es necesario cuando la pulpa comienza a inflamarse o infectarse. Esto puede suceder como\u00a0resultado de caries profunda, continuos procedimientos dentales o\u00a0un golpe en los dientes. Durante el tratamiento de endodoncia la pulpa da\u00f1ada es removida. Despu\u00e9s de esto los conductos de los diente son bajados y sellados para ayudar a preservar su dentadura.<\/p>\n<\/div><\/div><\/section>\n<section class='av_tab_section av_tab_section av-av_tab-374b6b3b440b930f9156999e13edbd48'  itemscope=\"itemscope\" itemtype=\"https:\/\/schema.org\/CreativeWork\" ><div class='tab' role='tab' tabindex='0' data-fake-id='#tab-id-3' aria-controls='tab-id-3-content'  itemprop=\"headline\" >\u00bfQui\u00e9n realiza un tratamiento de Endodoncia? <\/div><div id='tab-id-3-content' class='tab_content' aria-hidden=\"true\"><div class='tab_inner_content invers-color'  itemprop=\"text\" ><p style=\"text-align: justify;\">Todos los dentistas, incluyendo su dentista general, recibieron capacitaci\u00f3n sobre tratamientos de endodoncia en la escuela de odontolog\u00eda. Los dentistas generales pueden realizar procedimientos de endodoncia de la misma forma que lo hacen con otros procedimientos dentales, pero a menudo canalizan a sus pacientes que necesitan tratamiento de endodoncia con un endodoncista.<br \/>\nLos endodoncistas, son dentistas generales con especialidad en procedimientos de endodoncia. Y solo realizan procedimientos de endodoncia porque esa es su especialidad\u2026<br \/>\nPara ser endodoncistas, primero terminan sus estudios universitarios como dentistas generales y adicionalmente estudian 2 o m\u00e1s a\u00f1os la especialidad en endodoncia. Los endodoncistas realizan procedimientos de endodoncia dif\u00edciles y complicados, incluyendo cirug\u00eda endod\u00f3ntica.<br \/>\nLos endodoncistas tambi\u00e9n son experimentados en buscar la causa del dolor oral y facial que es dif\u00edcil de diagnosticar por otros m\u00e9dicos.<\/p>\n<\/div><\/div><\/section>\n<section class='av_tab_section av_tab_section av-av_tab-903b561ac7778be7387b2fb0f19e8178'  itemscope=\"itemscope\" itemtype=\"https:\/\/schema.org\/CreativeWork\" ><div class='tab' role='tab' tabindex='0' data-fake-id='#tab-id-4' aria-controls='tab-id-4-content'  itemprop=\"headline\" >Tipos de lesiones<\/div><div id='tab-id-4-content' class='tab_content' aria-hidden=\"true\"><div class='tab_inner_content invers-color'  itemprop=\"text\" ><p style=\"text-align: justify;\">Los dientes fisurados son la mayor causa de todos los casos de traumatismos dentales. El resto de los casos representan serios problemas, incluidos los dientes dislocados y los dientes\u00a0ca\u00eddos. El tratamiento depende del tipo, el lugar y la severidad de cada lesi\u00f3n.<br \/>\nCuando cualquiera de estas lesiones ocurre, lo m\u00e1s importante es ver a su dentista\u00a0o endodoncista inmediatamente. El resaltado o\u00a0pron\u00f3stico de su lesi\u00f3n, normalmente depende, de que tan r\u00e1pido vea a su dentista.<\/p>\n<\/div><\/div><\/section>\n<section class='av_tab_section av_tab_section av-av_tab-391349bee2d255d38e4b7efeac856f78'  itemscope=\"itemscope\" itemtype=\"https:\/\/schema.org\/CreativeWork\" ><div class='tab' role='tab' tabindex='0' data-fake-id='#tab-id-5' aria-controls='tab-id-5-content'  itemprop=\"headline\" >Dientes Fisurados o Fracturados<\/div><div id='tab-id-5-content' class='tab_content' aria-hidden=\"true\"><div class='tab_inner_content invers-color'  itemprop=\"text\" ><p style=\"text-align: justify;\">La mayor\u00eda de los dientes fisurados pueden ser arreglados con un simple sellado. Algunas veces las fisuras pueden exponer la pulpa de los dientes, algunas de estas pulpas expuestas pueden ser tratadas poniendo un sellador sobre el \u00e1rea lesionada. Sin embargo algunas otras exposiciones pueden requerir de un tratamiento de endodoncia.<br \/>\nLas lesiones detr\u00e1s de los dientes a menudo incluyen dientes y c\u00faspides quebradas y muchas otras fracturas dentales.<\/p>\n<p style=\"text-align: justify;\">Las fracturas se pueden o no extender a la ra\u00edz de los dientes. Si la fractura no se extiende dentro de la ra\u00edz, el diente es usualmente restaurado por su dentista con una corona completa. Pero si la fractura si se extiende dentro de la ra\u00edz y afecta la pulpa, un tratamiento de endodoncia es normalmente usado para hacer el intento de salvar una parte o\u00a0todo el diente.<\/p>\n<\/div><\/div><\/section>\n<section class='av_tab_section av_tab_section av-av_tab-9cf4104db019ea40cf3638b7f76eb3dc'  itemscope=\"itemscope\" itemtype=\"https:\/\/schema.org\/CreativeWork\" ><div class='tab' role='tab' tabindex='0' data-fake-id='#tab-id-6' aria-controls='tab-id-6-content'  itemprop=\"headline\" >Dientes Dislocados<\/div><div id='tab-id-6-content' class='tab_content' aria-hidden=\"true\"><div class='tab_inner_content invers-color'  itemprop=\"text\" ><p style=\"text-align: justify;\">Durante una lesi\u00f3n, un diente puede ser empujado\u00a0fuera de su lugar, lo cual es una de las lesiones mas graves que existen. Su endodoncista o\u00a0su dentista general pueden reposicionar y estabilizar su diente. Usualmente un tratamiento de endodoncia es empezado unas cuantas semanas despu\u00e9s de la lesi\u00f3n, esto es para aplicar un medicamento como el hidr\u00f3xido de calcio dentro del\u00a0diente y un sellado permanente del conducto de la ra\u00edz el cual ser\u00e1 colocado en una fecha posterior. Usted debe continuar supervisando su diente peri\u00f3dicamente por\u00a0su dentista para asegurar que sane apropiadamente.<\/p>\n<p style=\"text-align: justify;\">Algunas veces el diente es parcialmente empujado de su lugar debido a esta raz\u00f3n, el reposicionamiento y la estabilizaci\u00f3n del diente son generalmente necesarios. Si la pulpa sigue estando sana, ning\u00fan tratamiento adicional es necesario. Pero como\u00a0ya se comento anteriormente, si la pulpa esta da\u00f1ada, su dentista o endodoncista deber\u00e1n comenzar un tratamiento de endodoncia. Un medicamento tal corno hidr\u00f3xido de calcio se colocar\u00e1 dentro del diente y un sellado permanente del conducto de la ra\u00edz ser\u00e1 colocado en una fecha posterior.<\/p>\n<\/div><\/div><\/section>\n<section class='av_tab_section av_tab_section av-av_tab-c3b420a2aa5f06670612cd92f861bf9a'  itemscope=\"itemscope\" itemtype=\"https:\/\/schema.org\/CreativeWork\" ><div class='tab' role='tab' tabindex='0' data-fake-id='#tab-id-7' aria-controls='tab-id-7-content'  itemprop=\"headline\" >Dientes Desprendidos<\/div><div id='tab-id-7-content' class='tab_content' aria-hidden=\"true\"><div class='tab_inner_content invers-color'  itemprop=\"text\" ><p style=\"text-align: justify;\">Si un diente esta completamente desprendido de la boca, el tiempo es esencial. Si este tipo de lesi\u00f3n le llegara a suceder, tome su diente por la corona, o\u00a0por la parte donde mastica. Intente no tocar la ra\u00edz. Si su diente esta sucio, l\u00edmpielo cuidadosamente con agua. No utilice jab\u00f3n o\u00a0ning\u00fan otro agente de limpieza. Si es posible, coloque el diente nuevamente dentro de su lugar, y vaya con su dentista inmediatamente.<\/p>\n<p style=\"text-align: justify;\">Si usted no puede colocar su diente en su lugar, aseg\u00farese de mantenerlo h\u00famedo. Cuanto menos\u00a0tiempo el diente pase seco, habr\u00e1 mayor oportunidad para salvarlo. Las soluciones para mantener su diente h\u00famedo est\u00e1n disponibles en las farmacias. Usted puede tambi\u00e9n poner el diente en un vaso de leche o\u00a0de agua con una pisca de sal\u00a0o\u00a0simplemente ponerlo en su boca entre su enc\u00eda y la mejilla. Lleve su diente al dentista inmediatamente.<\/p>\n<p style=\"text-align: justify;\">Si el diente lo ha puesto de regreso en su lugar, su dentista puede estabilizar\u00a0el diente con una tablilla o\u00a0freno, y revisar para saber si hay cualquier otra lesi\u00f3n facial. Si el diente no se puso nuevamente en su lugar, su dentista examinar\u00e1 el diente para determinar si sigue estando intacto y comprobar si existen otras lesiones faciales. Su dentista limpiar\u00e1 el diente cuidadosamente y lo colocar\u00e1 suavemente en su lugar. Su diente puede necesitar ser estabilizado con un freno por un tiempo. Dependiendo del desarrollo de la ra\u00edz, su dentista o\u00a0endodoncista puede comenzar un tratamiento de endodoncia. Un medicamento se colocara dentro del diente, y un sellado permanente del conducto de la ra\u00edz ser\u00e1 colocado en una fecha posterior.<\/p>\n<p style=\"text-align: justify;\">El tiempo que el diente estuvo fuera de la boca, y la manera en la que el diente fue almacenado antes de ver a su dentista puede influir en el tipo de tratamiento que usted recibir\u00e1. Es necesario que usted este en contacto con su m\u00e9dico para ver si no es necesario aplicarle una vacuna antitet\u00e1nica.<\/p>\n<\/div><\/div><\/section>\n<section class='av_tab_section av_tab_section av-av_tab-c6f3ef79a948fff02785b813efb5f53d'  itemscope=\"itemscope\" itemtype=\"https:\/\/schema.org\/CreativeWork\" ><div class='tab' role='tab' tabindex='0' data-fake-id='#tab-id-8' aria-controls='tab-id-8-content'  itemprop=\"headline\" >Fracturas de ra\u00edz<\/div><div id='tab-id-8-content' class='tab_content' aria-hidden=\"true\"><div class='tab_inner_content invers-color'  itemprop=\"text\" ><p style=\"text-align: justify;\">Una lesi\u00f3n traum\u00e1tica al diente puede tambi\u00e9n dar lugar a una fractura horizontal de la ra\u00edz: La localizaci\u00f3n de la fractura determina la salud a largo plazo del diente. Si la fractura est\u00e1 cerca de la punta de la ra\u00edz, las\u00a0oportunidades de \u00e9xito son mayores. Si la fractura no quiebra la ra\u00edz en dos pedazos existe tambi\u00e9n una buena oportunidad de \u00e9xito.<\/p>\n<p style=\"text-align: justify;\">Sin embargo, cuanto m\u00e1s cercana es la fractura a la superficie de masticaci\u00f3n del diente, las posibilidades de \u00e9xito van disminuyendo, sin importar si la ra\u00edz se quebr\u00f3. La estabilizaci\u00f3n del diente con un freno requiere un tiempo un poco largo. Si el tejido dentro del diente se da\u00f1a, un tratamiento de endodoncia puede ser necesario. Se puede colocar un medicamento en el conducto para preparar el sitio fracturado para un sellado eventual del conducto de la ra\u00edz.<\/p>\n<\/div><\/div><\/section>\n<section class='av_tab_section av_tab_section av-av_tab-384d636348de7d61a1920ef6d26f9aa6'  itemscope=\"itemscope\" itemtype=\"https:\/\/schema.org\/CreativeWork\" ><div class='tab' role='tab' tabindex='0' data-fake-id='#tab-id-9' aria-controls='tab-id-9-content'  itemprop=\"headline\" >\u00bfEl traumatismo y las lesiones dentales son diferentes en los ni\u00f1os?<\/div><div id='tab-id-9-content' class='tab_content' aria-hidden=\"true\"><div class='tab_inner_content invers-color'  itemprop=\"text\" ><p style=\"text-align: justify;\">Los dientes permanentes de los ni\u00f1os o\u00a0los dientes de los adultos que no se hayan desarrollado completamente pueden necesitar a la hora de una lesi\u00f3n, una atenci\u00f3n mucho m\u00e1s especializada.<\/p>\n<p style=\"text-align: justify;\">En un diente adulto no maduro, la punta de la ra\u00edz, llamada \u00e1pice, est\u00e1 abierta, y las paredes del conducto de la ra\u00edz son muy delgadas. Mientras que el diente se va desarrollando, el \u00e1pice se cierra y las paredes del conducto se ponen gruesas.<\/p>\n<p style=\"text-align: justify;\">Un diente da\u00f1ado puede necesitar uno de los siguientes dos procedimientos para incrementar las oportunidades de salvarlo.<\/p>\n<p style=\"text-align: justify;\"><strong>Apexogenisis<\/strong><\/p>\n<p style=\"text-align: justify;\">Un procedimiento, llamada apexogenesis, fomenta que la ra\u00edz se contin\u00fae desarrollando, adem\u00e1s que ayuda a sanar la pulpa. El tejido suave da\u00f1ado se cubre con un medicamento para fomentar an crecimiento adicional en la ra\u00edz. El \u00e1pice contin\u00faa cerr\u00e1ndose, y las paredes del conducto de la ra\u00edz contin\u00faan engros\u00e1ndose.<\/p>\n<p style=\"text-align: justify;\">Si la pulpa sana, ning\u00fan tratamiento endod\u00f3ntico adicional puede que sea necesario. Cuanto m\u00e1s madura la ra\u00edz llega a ser, son mayores las oportunidades de que el diente se salve. Sin embargo, una apexogenisis no es siempre acertada; Y un procedimiento diferente, llamado apexificaci\u00f3n, puede necesitar ser realizado.<\/p>\n<p style=\"text-align: justify;\"><strong>Apexificaci\u00f3n<\/strong><\/p>\n<p style=\"text-align: justify;\">Durante la apexificaci\u00f3n el tejido da\u00f1ado de la pulpa se remueve. El endodoncista aplica un medicamento en la ra\u00edz para ayudar a formar un tejido duro cerca del \u00e1pice, \u00e1 punta de la ra\u00edz. Este duro tejido\u00a0proporciona una barrera para sellado permanente del conducto de la ra\u00edz.<\/p>\n<p style=\"text-align: justify;\">A pesar de un tratamiento apropiado<em>, <\/em>las paredes de los conductos de la ra\u00edz de un diente tratado en una apexificaci\u00f3n no continuar\u00e1n desarroll\u00e1ndose ni engros\u00e1ndose, haciendo que el diente quede susceptible a las fracturas de corona \u00f3 de ra\u00edz. La restauraci\u00f3n apropiada reducir\u00e1 al m\u00ednimo esta posibilidad y maximizar\u00e1 la protecci\u00f3n de su diente.<\/p>\n<\/div><\/div><\/section>\n<section class='av_tab_section av_tab_section av-av_tab-d3af1971e48e549de73cd171a0c466d0'  itemscope=\"itemscope\" itemtype=\"https:\/\/schema.org\/CreativeWork\" ><div class='tab' role='tab' tabindex='0' data-fake-id='#tab-id-10' aria-controls='tab-id-10-content'  itemprop=\"headline\" >Otras lesiones<\/div><div id='tab-id-10-content' class='tab_content' aria-hidden=\"true\"><div class='tab_inner_content invers-color'  itemprop=\"text\" ><p style=\"text-align: justify;\">Un diente inmaduro que se ha dislocado, puede requerir un m\u00ednimo o ning\u00fan tratamiento hasta que haya madurado completamente. Si el diente esta seriamente dislocado, se necesitara de un procedimiento ortod\u00f3ntico o quir\u00fargico para reposicionarlo en\u00a0su lugar.<\/p>\n<p style=\"text-align: justify;\">Si un diente inmaduro ha estado fuera de la boca por menos de una hora, el diente puede ser colocado de nuevo en su lugar, estabilizado y revisado de cerca por su dentista \u00f3 endodoncista por tres o\u00a0cuatro semanas. Durante este tiempo, su dentista buscar\u00e1 cambios\u00a0en color, dolor, hinchaz\u00f3n\u00a0o\u00a0aflojamiento del diente. Si se presentan cualquiera de estos problemas, un procedimiento de apexificaci\u00f3n, seguido por un sellado permanente del conducto de la ra\u00edz puede ser necesario. Si el diente inmaduro ha estado fuera de la boca seco por m\u00e1s de una hora , el diente puede ser puesto de regreso en su lugar, sell\u00e1ndolo con un medicamento y revalu\u00e1ndolo en seis u\u00a0ocho semanas. La salud a largo plazo de este diente es generalmente pobre, as\u00ed que su dentista o endodoncista puede ofrecerle otras opciones de tratamiento.<\/p>\n<\/div><\/div><\/section>\n<section class='av_tab_section av_tab_section av-av_tab-eb3942d2a6d4099b4c9d76cb1f84ef15'  itemscope=\"itemscope\" itemtype=\"https:\/\/schema.org\/CreativeWork\" ><div class='tab' role='tab' tabindex='0' data-fake-id='#tab-id-11' aria-controls='tab-id-11-content'  itemprop=\"headline\" >Un diente que ha sido lesionado, \u00bfnecesitar\u00e1 de cuidado especial o de un tratamiento adicional?<\/div><div id='tab-id-11-content' class='tab_content' aria-hidden=\"true\"><div class='tab_inner_content invers-color'  itemprop=\"text\" ><p style=\"text-align: justify;\">La naturaleza de lesi\u00f3n, el tiempo que tardo la lesi\u00f3n en ser tratada, c\u00f3mo fue cuidado su diente despu\u00e9s de la lesi\u00f3n y la respuesta de su cuerpo, afecta la salud de largo plazo de su diente. El tratamiento oportuno es particularmente importante cuado el diente fue dislocado \u00f3 desprendido de su lugar, para poder prevenir la resorci\u00f3n. La resorci\u00f3n ocurre cuando su cuerpo, a trav\u00e9s de sus propios mecanismos de defensa, comienza a rechazar la propia estructura del diente en respuesta a la lesi\u00f3n traum\u00e1tica. Usted debe regresar con su dentista \u00f3 endodoncista para tener el diente examinado regularmente despu\u00e9s de la lesi\u00f3n, para estar seguros que la resorci\u00f3n no esta ocurriendo\u00a0y que el tejido contin\u00faa sanando.<\/p>\n<p style=\"text-align: justify;\">TODA LA INFORMACION DE ESTA PAGINA FUE TOMADA EN SU TOTALIDAD DE LA ASOCIACION AMERICANA DE ENDODONCIA (AAE), ESTO SOLO CON FINES INFORMATIVOS Y SIN NUNGUN FIN DE\u00a0LUCRO<\/p>\n<\/div><\/div><\/section>\n<\/div>\n","protected":false},"excerpt":{"rendered":"","protected":false},"author":3,"featured_media":0,"parent":0,"menu_order":0,"comment_status":"closed","ping_status":"closed","template":"","meta":{"footnotes":""},"class_list":["post-3321","page","type-page","status-publish","hentry"],"_links":{"self":[{"href":"https:\/\/endodonciaxalapa.com\/index.php?rest_route=\/wp\/v2\/pages\/3321","targetHints":{"allow":["GET"]}}],"collection":[{"href":"https:\/\/endodonciaxalapa.com\/index.php?rest_route=\/wp\/v2\/pages"}],"about":[{"href":"https:\/\/endodonciaxalapa.com\/index.php?rest_route=\/wp\/v2\/types\/page"}],"author":[{"embeddable":true,"href":"https:\/\/endodonciaxalapa.com\/index.php?rest_route=\/wp\/v2\/users\/3"}],"replies":[{"embeddable":true,"href":"https:\/\/endodonciaxalapa.com\/index.php?rest_route=%2Fwp%2Fv2%2Fcomments&post=3321"}],"version-history":[{"count":1,"href":"https:\/\/endodonciaxalapa.com\/index.php?rest_route=\/wp\/v2\/pages\/3321\/revisions"}],"predecessor-version":[{"id":3418,"href":"https:\/\/endodonciaxalapa.com\/index.php?rest_route=\/wp\/v2\/pages\/3321\/revisions\/3418"}],"wp:attachment":[{"href":"https:\/\/endodonciaxalapa.com\/index.php?rest_route=%2Fwp%2Fv2%2Fmedia&parent=3321"}],"curies":[{"name":"wp","href":"https:\/\/api.w.org\/{rel}","templated":true}]}}