{"id":3317,"date":"2015-04-02T10:46:00","date_gmt":"2015-04-02T16:46:00","guid":{"rendered":"http:\/\/endodonciaxalapa.com\/?page_id=3317"},"modified":"2015-09-04T18:12:32","modified_gmt":"2015-09-05T00:12:32","slug":"cirugia","status":"publish","type":"page","link":"https:\/\/endodonciaxalapa.com\/?page_id=3317","title":{"rendered":"Cirug\u00eda"},"content":{"rendered":"<div  class='tabcontainer av-av_tab_container-cdfb33d025ccce82e3bec7780d128c1e sidebar_tab sidebar_tab_left  avia-builder-el-0  avia-builder-el-no-sibling  border_tabs' role='tablist'>\n<section class='av_tab_section av_tab_section av-av_tab-006f2bf6283ac162b89053e7cee5eaa5'  itemscope=\"itemscope\" itemtype=\"https:\/\/schema.org\/CreativeWork\" ><div class='tab active_tab' role='tab' tabindex='0' data-fake-id='#tab-id-1' aria-controls='tab-id-1-content'  itemprop=\"headline\" >\u00bfQu\u00e9 es la cirug\u00eda endod\u00f3ntica? <\/div><div id='tab-id-1-content' class='tab_content active_tab_content' aria-hidden=\"false\"><div class='tab_inner_content invers-color'  itemprop=\"text\" ><p style=\"text-align: justify;\">Probablemente esta leyendo esta informaci\u00f3n por que su dentista o endodoncista, cree que la\u00a0cirug\u00eda endod\u00f3ntica le puede ayudar a salvar sus dientes.<br \/>\nPara poder entender que es la drug\u00eda endod\u00f3ntica primero necesita conocer algo acerca del procedimiento no-quir\u00fargico o\u00a0endodoncia. Un tratamiento de endodoncia es necesario cuando el tejido interno suave o pulpa de los dientes comienza a inflamarse o infectarse.<br \/>\nEsto puede suceder como resultado de caries profunda, repetidos procedimientos dentales o\u00a0un golpe en los dientes. El tratamiento de endodoncia remueve la pulpa da\u00f1ada. Entonces los conductos de los dientes son limpiados y sellados para ayudar a conservar sus dientes.<br \/>\nSin embargo en algunos casos, el tratamiento de endodoncia por si solo no puede salvar sus dientes. Si este es el caso su dentista o endodoncista le recomendar\u00e1 una cirug\u00eda endod\u00f3ntica.<\/p>\n<\/div><\/div><\/section>\n<section class='av_tab_section av_tab_section av-av_tab-058f4e8c1834f427dc68f4530cef7b46'  itemscope=\"itemscope\" itemtype=\"https:\/\/schema.org\/CreativeWork\" ><div class='tab' role='tab' tabindex='0' data-fake-id='#tab-id-2' aria-controls='tab-id-2-content'  itemprop=\"headline\" >\u00bfQui\u00e9n realiza una cirug\u00eda endod\u00f3ntica? <\/div><div id='tab-id-2-content' class='tab_content' aria-hidden=\"true\"><div class='tab_inner_content invers-color'  itemprop=\"text\" ><p style=\"text-align: justify;\">Todos los dentistas, fueron capacitados en tratamientos de endodoncia en la escuela de odontolog\u00eda. Sin embargo, ya que una cirug\u00eda endod\u00f3ntica puede ser m\u00e1s compleja que un tratamiento no-quir\u00fargico, muchos dentistas canalizan a sus pacientes que necesitan una cirug\u00eda endod\u00f3ntica con un endodoncista.<br \/>\nLos endodoncistas, son dentistas que por lo menos estudiaron 2 a\u00f1os m\u00e1s sobre t\u00e9cnicas y procedimientos de endodoncia. Adem\u00e1s de tratar casos de rutina para su especialidad, tambi\u00e9n son expertos en realizar procedimientos de endodoncias dif\u00edciles y complicadas incluyendo la cirug\u00eda endod\u00f3ntica. A menudo los endodoncistas tratan casos dif\u00edciles como los dientes que presentan una inusual y compleja estructura en la ra\u00edz o\u00a0conductos tapados.<br \/>\nEste conocimiento y experiencia adicional a su profesi\u00f3n les resultan muy valiosos si una cirug\u00eda endod\u00f3ntica es necesaria.<\/p>\n<\/div><\/div><\/section>\n<section class='av_tab_section av_tab_section av-av_tab-c40e9b7c49c267df73d0f27823d4c9ec'  itemscope=\"itemscope\" itemtype=\"https:\/\/schema.org\/CreativeWork\" ><div class='tab' role='tab' tabindex='0' data-fake-id='#tab-id-3' aria-controls='tab-id-3-content'  itemprop=\"headline\" >Cirug\u00eda Ilustrada<\/div><div id='tab-id-3-content' class='tab_content' aria-hidden=\"true\"><div class='tab_inner_content invers-color'  itemprop=\"text\" ><p><!--------------------------------------1-2--------------------------------><\/p>\n<div class=\"rectangle\" style=\"width: 100%; background: #009999; text-align: center;\">\n<div class=\"cont\" style=\"display: inline-block;\"><img decoding=\"async\" class=\"image\" style=\"padding: 40px 10px;\" src=\"http:\/\/endodonciaxalapa.com\/wp-content\/uploads\/2015\/03\/dibujos-cirugia-1.png\" alt=\"\" \/><\/div>\n<div class=\"cont\" style=\"display: inline-block;\"><img decoding=\"async\" class=\"image\" style=\"padding: 40px 10px;\" src=\"http:\/\/endodonciaxalapa.com\/wp-content\/uploads\/2015\/03\/dibujos-cirugia-1-b.png\" alt=\"\" \/><\/div>\n<\/div>\n<div class=\"texto\" style=\"width: 100%; text-align: center; padding: 10px 0 30px 0;\">Mediante instrumentos de tejido blando nos permite localizar en la pared del hueso el lugar de la infecci\u00f3n. Se realiza una peque\u00f1a ventana a trav\u00e9s del tejido \u00f3seo.<\/div>\n<p><!---------------------------------3-------------------------------------><\/p>\n<div class=\"rectangle\" style=\"width: 100%; background: #009999; text-align: center;\">\n<div class=\"cont\" style=\"display: inline-block;\"><img decoding=\"async\" class=\"image\" style=\"padding: 40px 10px;\" src=\"http:\/\/endodonciaxalapa.com\/wp-content\/uploads\/2015\/03\/dibujos-cirugia-2a-a.png\" alt=\"\" \/><\/div>\n<div class=\"cont\" style=\"display: inline-block;\"><img decoding=\"async\" class=\"image\" style=\"padding: 40px 10px;\" src=\"http:\/\/endodonciaxalapa.com\/wp-content\/uploads\/2015\/03\/dibujos-cirugia-2a-b.png\" alt=\"\" \/><\/div>\n<\/div>\n<div class=\"texto\" style=\"width: 100%; text-align: center; padding: 10px 0 30px 0;\">Procedemos a conformar para una mejor visibilidad, se hace una apertura con instrumentos de corte a\u00a0la punta de la ra\u00edz.<\/div>\n<p><!----------------------------------4------------------------------------><\/p>\n<div class=\"rectangle\" style=\"width: 100%; background: #009999; text-align: center;\">\n<div class=\"cont\" style=\"display: inline-block;\"><img decoding=\"async\" class=\"image\" style=\"padding: 40px 10px;\" src=\"http:\/\/endodonciaxalapa.com\/wp-content\/uploads\/2015\/03\/dibujos-cirugia-2c-a.png\" alt=\"\" \/><\/div>\n<div class=\"cont\" style=\"display: inline-block;\"><img decoding=\"async\" class=\"image\" style=\"padding: 40px 10px;\" src=\"http:\/\/endodonciaxalapa.com\/wp-content\/uploads\/2015\/03\/dibujos-cirugia-2c-b.png\" alt=\"\" \/><\/div>\n<div class=\"cont\" style=\"display: inline-block;\"><img decoding=\"async\" class=\"image\" style=\"padding: 40px 10px;\" src=\"http:\/\/endodonciaxalapa.com\/wp-content\/uploads\/2015\/03\/dibujos-cirugia-4-a.png\" alt=\"\" \/><\/div>\n<\/div>\n<div class=\"texto\" style=\"width: 100%; text-align: center; padding: 10px 0 30px 0;\">Mediante instrumentos se desprende la infecci\u00f3n de su sitio y se remueve en su totalidad.<\/div>\n<p><!---------------------------------5-------------------------------------><\/p>\n<div class=\"rectangle\" style=\"width: 100%; background: #009999; text-align: center;\">\n<div class=\"cont\" style=\"display: inline-block;\"><img decoding=\"async\" class=\"image\" style=\"padding: 40px 10px;\" src=\"http:\/\/endodonciaxalapa.com\/wp-content\/uploads\/2015\/03\/dibujos-cirugia-7-a.png\" alt=\"\" \/><\/div>\n<div class=\"cont\" style=\"display: inline-block;\"><img decoding=\"async\" class=\"image\" style=\"padding: 40px 10px;\" src=\"http:\/\/endodonciaxalapa.com\/wp-content\/uploads\/2015\/03\/dibujos-cirugia-7-b.png\" alt=\"\" \/><\/div>\n<\/div>\n<div class=\"texto\" style=\"width: 100%; text-align: center; padding: 10px 0 30px 0;\">Se procede a cortar un tercio de la ra\u00edz, que es el sitio donde se encuentra el 90% de ramificaciones, o conductos accesorios y se remueve.<\/div>\n<p><!----------------------------------6------------------------------------><\/p>\n<div class=\"rectangle\" style=\"width: 100%; background: #009999; text-align: center;\">\n<div class=\"cont\" style=\"display: inline-block;\"><img decoding=\"async\" class=\"image\" style=\"padding: 40px 10px;\" src=\"http:\/\/endodonciaxalapa.com\/wp-content\/uploads\/2015\/03\/dibujos-cirugia-4-a.png\" alt=\"\" \/><\/div>\n<div class=\"cont\" style=\"display: inline-block;\"><img decoding=\"async\" class=\"image\" style=\"padding: 40px 10px;\" src=\"http:\/\/endodonciaxalapa.com\/wp-content\/uploads\/2015\/03\/dibujos-cirugia-4-b.png\" alt=\"\" \/><\/div>\n<\/div>\n<div class=\"texto\" style=\"width: 100%; text-align: center; padding: 10px 0 30px 0;\">Mediante curetas tambi\u00e9n se puede hacer la remoci\u00f3n de la lesi\u00f3n infecciosa.<\/div>\n<p><!---------------------------------7-------------------------------------><\/p>\n<div class=\"rectangle\" style=\"width: 100%; background: #009999; text-align: center;\">\n<div class=\"cont\" style=\"display: inline-block;\"><img decoding=\"async\" class=\"image\" style=\"padding: 40px 10px;\" src=\"http:\/\/endodonciaxalapa.com\/wp-content\/uploads\/2015\/03\/dibujos-cirugia-8-a.png\" alt=\"\" \/><\/div>\n<div class=\"cont\" style=\"display: inline-block;\"><img decoding=\"async\" class=\"image\" style=\"padding: 40px 10px;\" src=\"http:\/\/endodonciaxalapa.com\/wp-content\/uploads\/2015\/03\/dibujos-cirugia-8-b.png\" alt=\"\" \/><\/div>\n<\/div>\n<div class=\"texto\" style=\"width: 100%; text-align: center; padding: 10px 0 30px 0;\">Con instrumentos accionados con ultrasonido se localiza y se limpia el interior del conducto o los conductos haciendo \u00e9nfasis con su limpieza aproximadamente unos tres mil\u00edmetros dentro del conducto.<\/div>\n<p><!---------------------------------8-------------------------------------><\/p>\n<div class=\"rectangle\" style=\"width: 100%; background: #009999; text-align: center;\">\n<div class=\"cont\" style=\"display: inline-block;\"><img decoding=\"async\" class=\"image\" style=\"padding: 40px 10px;\" src=\"http:\/\/endodonciaxalapa.com\/wp-content\/uploads\/2015\/03\/dibujos-cirugia-9-a.png\" alt=\"\" \/><\/div>\n<\/div>\n<div class=\"texto\" style=\"width: 100%; text-align: center; padding: 10px 0 30px 0;\">Procurando dise\u00f1ar una cavidad que se va a rellenar.<\/div>\n<p><!------------------------------9----------------------------------------><\/p>\n<div class=\"rectangle\" style=\"width: 100%; background: #009999; text-align: center;\">\n<div class=\"cont\" style=\"display: inline-block;\"><img decoding=\"async\" class=\"image\" style=\"padding: 40px 10px;\" src=\"http:\/\/endodonciaxalapa.com\/wp-content\/uploads\/2015\/03\/dibujos-cirugia-10-a.png\" alt=\"\" \/><\/div>\n<\/div>\n<div class=\"texto\" style=\"width: 100%; text-align: center; padding: 10px 0 30px 0;\">Se busca contener una hemorragia, mediante el uso agentes hemostaticos.<\/div>\n<p><!--------------------------------------10--------------------------------><\/p>\n<div class=\"rectangle\" style=\"width: 100%; background: #009999; text-align: center;\">\n<div class=\"cont\" style=\"display: inline-block;\"><img decoding=\"async\" class=\"image\" style=\"padding: 40px 10px;\" src=\"http:\/\/endodonciaxalapa.com\/wp-content\/uploads\/2015\/03\/dibujos-cirugia-11-a.png\" alt=\"\" \/><\/div>\n<div class=\"cont\" style=\"display: inline-block;\"><img decoding=\"async\" class=\"image\" style=\"padding: 40px 10px;\" src=\"http:\/\/endodonciaxalapa.com\/wp-content\/uploads\/2015\/03\/dibujos-cirugia-11-b.png\" alt=\"\" \/><\/div>\n<\/div>\n<div class=\"texto\" style=\"width: 100%; text-align: center; padding: 10px 0 30px 0;\">El interior de la cavidad preparada se lava con desinfectantes y se seca.<\/div>\n<p><!--------------------------------------11--------------------------------><\/p>\n<div class=\"rectangle\" style=\"width: 100%; background: #009999; text-align: center;\">\n<div class=\"cont\" style=\"display: inline-block;\"><img decoding=\"async\" class=\"image\" style=\"padding: 40px 10px;\" src=\"http:\/\/endodonciaxalapa.com\/wp-content\/uploads\/2015\/03\/dibujos-cirugia-12-a.png\" alt=\"\" \/><\/div>\n<\/div>\n<div class=\"texto\" style=\"width: 100%; text-align: center; padding: 10px 0 30px 0;\">Se realiza el relleno con un material biocompatible.<\/div>\n<p><!--------------------------------------12--------------------------------><\/p>\n<div class=\"rectangle\" style=\"width: 100%; background: #009999; text-align: center;\">\n<div class=\"cont\" style=\"display: inline-block;\"><img decoding=\"async\" class=\"image\" style=\"padding: 40px 10px;\" src=\"http:\/\/endodonciaxalapa.com\/wp-content\/uploads\/2015\/03\/dibujos-cirugia-13-a.png\" alt=\"\" \/><\/div>\n<div class=\"cont\" style=\"display: inline-block;\"><img decoding=\"async\" class=\"image\" style=\"padding: 40px 10px;\" src=\"http:\/\/endodonciaxalapa.com\/wp-content\/uploads\/2015\/03\/dibujos-cirugia-13-b.png\" alt=\"\" \/><\/div>\n<\/div>\n<div class=\"texto\" style=\"width: 100%; text-align: center; padding: 10px 0 30px 0;\">Se hace un empaquetamiento al ras de la cavidad.<\/div>\n<p><!--------------------------------------13--------------------------------><\/p>\n<div class=\"rectangle\" style=\"width: 100%; background: #009999; text-align: center;\">\n<div class=\"cont\" style=\"display: inline-block;\"><img decoding=\"async\" class=\"image\" style=\"padding: 40px 10px;\" src=\"http:\/\/endodonciaxalapa.com\/wp-content\/uploads\/2015\/03\/dibujos-cirugia-14-a.png\" alt=\"\" \/><\/div>\n<\/div>\n<div class=\"texto\" style=\"width: 100%; text-align: center; padding: 10px 0 30px 0;\">Una vez terminado, se reposiciona el colgajo y se sutura. Retirando los puntos a los cinco d\u00edas aproximadamente.<\/div>\n<\/div><\/div><\/section>\n<section class='av_tab_section av_tab_section av-av_tab-1d798057c8e5f27a9172a389d57c15f0'  itemscope=\"itemscope\" itemtype=\"https:\/\/schema.org\/CreativeWork\" ><div class='tab' role='tab' tabindex='0' data-fake-id='#tab-id-4' aria-controls='tab-id-4-content'  itemprop=\"headline\" >Fotograf\u00edas<\/div><div id='tab-id-4-content' class='tab_content' aria-hidden=\"true\"><div class='tab_inner_content invers-color'  itemprop=\"text\" ><div class=\"texto\" style=\"width: 100%; text-align: center; padding: 10px 0 30px 0;\">El sondeo nos lleva a donde est\u00e1 localizada la zona de infecci\u00f3n.<\/div>\n<div class=\"texto\" style=\"width: 100%; text-align: center; padding: 10px 0 30px 0;\">El origen de la infecci\u00f3n es por un conducto accesorio.<\/div>\n<p><!--------------------------------------1--------------------------------><\/p>\n<div class=\"rectangle\" style=\"width: 100%; background: #009999; text-align: center;\">\n<div class=\"cont\" style=\"display: inline-block;\"><img decoding=\"async\" class=\"image\" style=\"padding: 40px 10px;\" src=\"http:\/\/endodonciaxalapa.com\/wp-content\/uploads\/2015\/09\/2.png\" alt=\"\" \/><\/div>\n<\/div>\n<div class=\"texto\" style=\"width: 100%; text-align: center; padding: 10px 0 30px 0;\">Lesi\u00f3n extirpada de caracter\u00edstica granulosa.<\/div>\n<p><!--------------------------------------2--------------------------------><\/p>\n<div class=\"rectangle\" style=\"width: 100%; background: #009999; text-align: center;\">\n<div class=\"cont\" style=\"display: inline-block;\"><img decoding=\"async\" class=\"image\" style=\"padding: 40px 10px;\" src=\"http:\/\/endodonciaxalapa.com\/wp-content\/uploads\/2015\/09\/1.png\" alt=\"\" \/><\/div>\n<\/div>\n<div class=\"texto\" style=\"width: 100%; text-align: center; padding: 10px 0 30px 0;\">Sutura.<\/div>\n<p><!--------------------------------------3--------------------------------><\/p>\n<div class=\"rectangle\" style=\"width: 100%; background: #009999; text-align: center;\">\n<div class=\"cont\" style=\"display: inline-block;\"><img decoding=\"async\" class=\"image\" style=\"padding: 40px 10px;\" src=\"http:\/\/endodonciaxalapa.com\/wp-content\/uploads\/2015\/09\/3.png\" alt=\"\" \/><\/div>\n<\/div>\n<div class=\"texto\" style=\"width: 100%; text-align: center; padding: 10px 0 30px 0;\">Sutura antes de retirarse.<\/div>\n<p><!--------------------------------------4--------------------------------><\/p>\n<div class=\"rectangle\" style=\"width: 100%; background: #009999; text-align: center;\">\n<div class=\"cont\" style=\"display: inline-block;\"><img decoding=\"async\" class=\"image\" style=\"padding: 40px 10px;\" src=\"http:\/\/endodonciaxalapa.com\/wp-content\/uploads\/2015\/09\/4.png\" alt=\"\" \/><\/div>\n<\/div>\n<div class=\"texto\" style=\"width: 100%; text-align: center; padding: 10px 0 30px 0;\">Retiro de sutura.<\/div>\n<p><!--------------------------------------5--------------------------------><\/p>\n<div class=\"rectangle\" style=\"width: 100%; background: #009999; text-align: center;\">\n<div class=\"cont\" style=\"display: inline-block;\"><img decoding=\"async\" class=\"image\" style=\"padding: 40px 10px;\" src=\"http:\/\/endodonciaxalapa.com\/wp-content\/uploads\/2015\/09\/5.png\" alt=\"\" \/><\/div>\n<\/div>\n<div class=\"texto\" style=\"width: 100%; text-align: center; padding: 10px 0 30px 0;\">Cicatrizaci\u00f3n a dos semanas.<\/div>\n<p><!--------------------------------------6--------------------------------><\/p>\n<div class=\"rectangle\" style=\"width: 100%; background: #009999; text-align: center;\">\n<div class=\"cont\" style=\"display: inline-block;\"><img decoding=\"async\" class=\"image\" style=\"padding: 40px 10px;\" src=\"http:\/\/endodonciaxalapa.com\/wp-content\/uploads\/2015\/09\/6.png\" alt=\"\" \/><\/div>\n<\/div>\n<div class=\"texto\" style=\"width: 100%; text-align: center; padding: 10px 0 30px 0;\">Control radiogr\u00e1fico a dos semanas.<\/div>\n<\/div><\/div><\/section>\n<\/div>\n","protected":false},"excerpt":{"rendered":"","protected":false},"author":3,"featured_media":0,"parent":0,"menu_order":0,"comment_status":"closed","ping_status":"closed","template":"","meta":{"footnotes":""},"class_list":["post-3317","page","type-page","status-publish","hentry"],"_links":{"self":[{"href":"https:\/\/endodonciaxalapa.com\/index.php?rest_route=\/wp\/v2\/pages\/3317","targetHints":{"allow":["GET"]}}],"collection":[{"href":"https:\/\/endodonciaxalapa.com\/index.php?rest_route=\/wp\/v2\/pages"}],"about":[{"href":"https:\/\/endodonciaxalapa.com\/index.php?rest_route=\/wp\/v2\/types\/page"}],"author":[{"embeddable":true,"href":"https:\/\/endodonciaxalapa.com\/index.php?rest_route=\/wp\/v2\/users\/3"}],"replies":[{"embeddable":true,"href":"https:\/\/endodonciaxalapa.com\/index.php?rest_route=%2Fwp%2Fv2%2Fcomments&post=3317"}],"version-history":[{"count":2,"href":"https:\/\/endodonciaxalapa.com\/index.php?rest_route=\/wp\/v2\/pages\/3317\/revisions"}],"predecessor-version":[{"id":3519,"href":"https:\/\/endodonciaxalapa.com\/index.php?rest_route=\/wp\/v2\/pages\/3317\/revisions\/3519"}],"wp:attachment":[{"href":"https:\/\/endodonciaxalapa.com\/index.php?rest_route=%2Fwp%2Fv2%2Fmedia&parent=3317"}],"curies":[{"name":"wp","href":"https:\/\/api.w.org\/{rel}","templated":true}]}}