{"id":3312,"date":"2015-04-02T10:06:39","date_gmt":"2015-04-02T16:06:39","guid":{"rendered":"http:\/\/endodonciaxalapa.com\/?page_id=3312"},"modified":"2015-04-02T14:52:57","modified_gmt":"2015-04-02T20:52:57","slug":"retratamiento","status":"publish","type":"page","link":"https:\/\/endodonciaxalapa.com\/?page_id=3312","title":{"rendered":"Retratamiento"},"content":{"rendered":"<div  class='tabcontainer av-av_tab_container-cdfb33d025ccce82e3bec7780d128c1e sidebar_tab sidebar_tab_left  avia-builder-el-0  avia-builder-el-no-sibling  border_tabs' role='tablist'>\n<section class='av_tab_section av_tab_section av-av_tab-8c21b49e105e90f1704172cc6e9bb8e6'  itemscope=\"itemscope\" itemtype=\"https:\/\/schema.org\/CreativeWork\" ><div class='tab active_tab' role='tab' tabindex='0' data-fake-id='#tab-id-1' aria-controls='tab-id-1-content'  itemprop=\"headline\" >\u00a1Una segunda oportunidad para salvar sus dientes!<\/div><div id='tab-id-1-content' class='tab_content active_tab_content' aria-hidden=\"false\"><div class='tab_inner_content invers-color'  itemprop=\"text\" ><p style=\"text-align: justify;\">Con un cuidado apropiado, la\u00a0mayor\u00eda de los dientes que han recibido tratamiento de endodoncia (mater el nervio) pueden durar tanto como los dientes naturales. Sin embargo, en algunos casos los dientes que fueron sometidos a tratarnierrto de endodoncia no sanaron completamente o\u00a0el dolor contin\u00faa en ellos. Ocasionalmente los dientes pueden seguir enfermos o\u00a0con dolor por meses incluso a\u00f1os despu\u00e9s de un tratamiento de endodoncia exitoso.<br \/>\nSi sus dientes no han sanado por completo han desarrollado nuevos problemas, no se preocupe sus dientes tienen una segunda oportunidad. Otros procedimientos de endodoncia son capaces de salvar sus dientes.<\/p>\n<\/div><\/div><\/section>\n<section class='av_tab_section av_tab_section av-av_tab-7c4fe70ae124842bfd5839abde190e97'  itemscope=\"itemscope\" itemtype=\"https:\/\/schema.org\/CreativeWork\" ><div class='tab' role='tab' tabindex='0' data-fake-id='#tab-id-2' aria-controls='tab-id-2-content'  itemprop=\"headline\" >\u00bfPor que causas se necesita un retratamiento de endodoncia?<\/div><div id='tab-id-2-content' class='tab_content' aria-hidden=\"true\"><div class='tab_inner_content invers-color'  itemprop=\"text\" ><p style=\"text-align: justify;\">En algunas ocasiones, como en cualquier procedimiento medico o dental, los dientes pueden no haber sanado como se esperaba despu\u00e9s de un primer tratamiento de endodoncia y esto se puede deber una gran variedad de razones entre las cuales mencionamos las siguientes :<br \/>\nConductos tapados o\u00a0torcidos que no pudieron ser tratados en el tratamiento inicial. Inusual anatom\u00eda del canal, que no fue detectada en el primer procedimiento. La corona u\u00a0otra restauraci\u00f3n no fueron hechas lo suficientemente r\u00e1pido despu\u00e9s del tratamiento de endodoncia. La restauraci\u00f3n no previno que la saliva contaminara el interior de los dientes.<\/p>\n<\/div><\/div><\/section>\n<section class='av_tab_section av_tab_section av-av_tab-9e96d1f5b503282b88608684d5ea8806'  itemscope=\"itemscope\" itemtype=\"https:\/\/schema.org\/CreativeWork\" ><div class='tab' role='tab' tabindex='0' data-fake-id='#tab-id-3' aria-controls='tab-id-3-content'  itemprop=\"headline\" >\u00bfQui\u00e9n realiza un retratamiento de endodoncia? <\/div><div id='tab-id-3-content' class='tab_content' aria-hidden=\"true\"><div class='tab_inner_content invers-color'  itemprop=\"text\" ><p style=\"text-align: justify;\">Todos los dentistas, fueron capacitados en tratamientos de endodoncia en la escuela de odontolog\u00eda. Sin embargo, ya que un retratamiento de endodoncia puede ser m\u00e1s complejo que un tratamiento inicial, muchos dentistas canalizan a sus pacientes que necesitan un retratarriento de endodoncia con un endodoncista.<br \/>\nLos endodoncistas, son dentistas que por lo menos estudiaron 2 a\u00f1os m\u00e1s sobre t\u00e9cnicas y procedimientos de endodoncia. Ellos solo se dedican a casos de endodoncia y dedican toda su experiencia a esta especialidad. Adem\u00e1s de tratar casos de rutina para su especialidad, tambi\u00e9n son expertos en realizar procedimientos de endodoncia dif\u00edciles y complicados, como la cirug\u00eda endod\u00f3ntica y problemas de conductos cerrados, bloqueados o inusualmente fuera de su posici\u00f3n.<br \/>\nEste conocimiento y experiencia adicional a su profesi\u00f3n les resultan muy valiosos si un retratamiento de endodoncia es necesario.<\/p>\n<p style=\"text-align: justify;\">En otros casos, un nuevo problema puede poner en peligro a los dientes que fueron satisfactoriamente tratados. Por ejemplo:<br \/>\nUna reincidencia de caries puede exponer al sellado del conducto radicular a bacterias, causando una nueva infecci\u00f3n en los dientes.<br \/>\nLa perdida, fractura o\u00a0ruptura del sellado o\u00a0de la corona, puede hacer tambi\u00e9n que los dientes presenten una nueva infecci\u00f3n.<\/p>\n<\/div><\/div><\/section>\n<section class='av_tab_section av_tab_section av-av_tab-1c0022eb38b2ce56981d185b3900341e'  itemscope=\"itemscope\" itemtype=\"https:\/\/schema.org\/CreativeWork\" ><div class='tab' role='tab' tabindex='0' data-fake-id='#tab-id-4' aria-controls='tab-id-4-content'  itemprop=\"headline\" >\u00bfCu\u00e1l es el proceso de un retratamiento de endodoncia? <\/div><div id='tab-id-4-content' class='tab_content' aria-hidden=\"true\"><div class='tab_inner_content invers-color'  itemprop=\"text\" ><p style=\"text-align: justify;\">Primero, el endodoncista explica las opciones que se tienen en el tratarriento. Si usted y su endodoncista escogen la opci\u00f3n de un retratamiento de endodoncia, el endodoncista vuelve abrir sus dientes para tener acceso al material sellador del conducto radicular.<br \/>\nEn muchos casos, los materiales de restauraci\u00f3n complejos, coronas, postes y otros materiales deben ser desensamblados y removidos para permitir el acceso al conducto radicular.<\/p>\n<p style=\"text-align: justify;\">Despu\u00e9s de remover el sellado del canal, el endodoncista limpia los conductos y examina cuidadosamente el interior de sus dientes, evaluando si alg\u00fan conducto adicional o con diferente anatom\u00eda, requiere de tratamiento.<\/p>\n<p style=\"text-align: justify;\">A continuaci\u00f3n y despu\u00e9s de haber dejado limpios los conductos, el endodoncista empastar\u00e1 y sellar\u00e1 los conductos, colocando un cemento temporal en los dientes (si los conductos est\u00e1n inusitadamente cerrados o bloqueados, su endodoncista puede recomendarle una cirug\u00eda endod\u00f3ntica.<br \/>\nEsta cirug\u00eda involucra el hacer una incisi\u00f3n cerca del final de la ra\u00edz para permitir que la punta de la misma pueda ser sellada). Tambi\u00e9n en este paso puede quedar preparado el\u00a0espacio para un nuevo poste.<\/p>\n<p style=\"text-align: justify;\">Despu\u00e9s de su \u00faltima visita al endodoncista, usted deber\u00e1 regresar con su dentista lo m\u00e1s pronto posible para que le ponga una nueva corona o\u00a0le haga alguna otra restauraci\u00f3n para proteger sus dientes y as\u00ed recuperar con completa funcionalidad.<\/p>\n<\/div><\/div><\/section>\n<section class='av_tab_section av_tab_section av-av_tab-9faf70ed2851c3b3f1b19e39f6c32430'  itemscope=\"itemscope\" itemtype=\"https:\/\/schema.org\/CreativeWork\" ><div class='tab' role='tab' tabindex='0' data-fake-id='#tab-id-5' aria-controls='tab-id-5-content'  itemprop=\"headline\" >\u00bfEl retratamiento de endodoncia es la mejor opci\u00f3n para m\u00ed? <\/div><div id='tab-id-5-content' class='tab_content' aria-hidden=\"true\"><div class='tab_inner_content invers-color'  itemprop=\"text\" ><p style=\"text-align: justify;\">Un retratamiento de endodoncia puede funcionar muy bien por a\u00f1os, incluso para toda la vida. Y siempre es una buena opci\u00f3n para salvar sus dientes, siempre y cuando su endodoncista vea que as\u00ed lo es.<br \/>\nLos avances en la tecnolog\u00eda est\u00e1n constantemente cambiando la manera de realizar un tratamiento de endodoncia, as\u00ed que su endodoncista puede incluso ser capaz de utilizar nuevas t\u00e9cnicas, las cuales no estaban disponibles cuando usted se realizo su primer procedimiento endod\u00f3ntico. Adem\u00e1s si sus dientes presentan una anatom\u00eda inusual, que no fue limpiada o sellada en el primer procedimiento, su endodoncista puede resolver este problema con un segundo tratamiento.<br \/>\nPor supuesto, no esta 100% garantizado que un retratarriento de endodoncia resuelvan todos sus problemas dentales. Su endodoncista deber\u00e1 analizar las opciones y las oportunidades de \u00e9xito antes de comenzar el retratamiento.<\/p>\n<\/div><\/div><\/section>\n<section class='av_tab_section av_tab_section av-av_tab-3cb61b88a2e6165f3cfcb18ab1a4e51e'  itemscope=\"itemscope\" itemtype=\"https:\/\/schema.org\/CreativeWork\" ><div class='tab' role='tab' tabindex='0' data-fake-id='#tab-id-6' aria-controls='tab-id-6-content'  itemprop=\"headline\" >\u00bfQu\u00e9 otras alternativas existen adem\u00e1s de un retratamiento de endodoncia? <\/div><div id='tab-id-6-content' class='tab_content' aria-hidden=\"true\"><div class='tab_inner_content invers-color'  itemprop=\"text\" ><p style=\"text-align: justify;\">Para algunos pacientes considerados para retratamiento, la cirug\u00eda endod\u00f3ntica tambi\u00e9n es una opci\u00f3n. Esta cirug\u00eda involucra el hacer una incisi\u00f3n cerca del final de la ra\u00edz para permitir que la punta de la misma pueda ser sellada. La cirug\u00eda endod\u00f3ntica puede ser recomendada en conjunci\u00f3n con el retratamiento endod\u00f3ntico como una alternativa. Su endodoncista deber\u00e1 analizar las opciones y remendarle el tratamiento m\u00e1s apropiado.<br \/>\nLa \u00fanica otra alternativa que existe es la extracci\u00f3n del diente. El diente extra\u00eddo deber\u00e1 entonces ser reemplazado por un implante, un puente o\u00a0una placa dental para restaurar la funci\u00f3n del masticado y prevenir que los dientes adyacentes se deslicen. Esta situaci\u00f3n requiere de cirug\u00eda o de un procedimiento dental sobre los dientes sanos, siendo m\u00e1s costoso y llevarse m\u00e1s tiempo que un retratarriento de endodoncia. No importa que tan efectivos y modernos sean los dientes artificiales (aunque de hecho lo son), no hay nada mejor que conservar sus dientes naturales. Usted que ha decidido hacer una inversi\u00f3n para salvar sus dientes, vale la pena elegir un retratarriento de endodoncia , el cual le ayudar\u00eda a tener sus dientes sanos y con su funcionamiento natural en los a\u00f1os por venir.<\/p>\n<\/div><\/div><\/section>\n<section class='av_tab_section av_tab_section av-av_tab-f6d79b6ca1b7457834eee885b3df5f7a'  itemscope=\"itemscope\" itemtype=\"https:\/\/schema.org\/CreativeWork\" ><div class='tab' role='tab' tabindex='0' data-fake-id='#tab-id-7' aria-controls='tab-id-7-content'  itemprop=\"headline\" >\u00bfCu\u00e1l es el costo de un retratamiento de endodoncia? <\/div><div id='tab-id-7-content' class='tab_content' aria-hidden=\"true\"><div class='tab_inner_content invers-color'  itemprop=\"text\" ><p style=\"text-align: justify;\">El costo varia dependiendo que tan complicado el procedimiento pueda llegar a ser. Este procedimiento probablemente ser\u00e1 m\u00e1s complejo que un primer tratamiento de endodoncia, por que tanto la restauraci\u00f3n anterior como el material de sellado necesitaran ser removidos para poder llevar a cabo el nuevo procedimiento. En suma, su endodoncista puede necesitar m\u00e1s tiempo para buscar alteraciones en los conductos. Por lo tanto, generalmente un retratamiento de endodoncia es mas costoso que un tratamiento endod\u00f3ntico inicial.<br \/>\nSi bien algunos de los seguros dentales (normalmente en EUA), pueden cubrir una parte \u00f3 todo el costo de un retratamiento de endodoncia, algunas de sus pol\u00edticas limitan la cobertura solo para el primer tratamiento.<\/p>\n<p style=\"text-align: justify;\">TODA LA INFORMACION DE ESTA PAGINA FUE TOMADA EN SU TOTALIDAD DE LA ASOCIACION AMERICANA DE ENDODONCIA (AAE), ESTO SOLO CON FINES INFORMATIVOS Y SIN NUNGUN FIN DE\u00a0LUCRO<\/p>\n<\/div><\/div><\/section>\n<\/div>\n","protected":false},"excerpt":{"rendered":"","protected":false},"author":3,"featured_media":0,"parent":0,"menu_order":0,"comment_status":"closed","ping_status":"closed","template":"","meta":{"footnotes":""},"class_list":["post-3312","page","type-page","status-publish","hentry"],"_links":{"self":[{"href":"https:\/\/endodonciaxalapa.com\/index.php?rest_route=\/wp\/v2\/pages\/3312","targetHints":{"allow":["GET"]}}],"collection":[{"href":"https:\/\/endodonciaxalapa.com\/index.php?rest_route=\/wp\/v2\/pages"}],"about":[{"href":"https:\/\/endodonciaxalapa.com\/index.php?rest_route=\/wp\/v2\/types\/page"}],"author":[{"embeddable":true,"href":"https:\/\/endodonciaxalapa.com\/index.php?rest_route=\/wp\/v2\/users\/3"}],"replies":[{"embeddable":true,"href":"https:\/\/endodonciaxalapa.com\/index.php?rest_route=%2Fwp%2Fv2%2Fcomments&post=3312"}],"version-history":[{"count":1,"href":"https:\/\/endodonciaxalapa.com\/index.php?rest_route=\/wp\/v2\/pages\/3312\/revisions"}],"predecessor-version":[{"id":3315,"href":"https:\/\/endodonciaxalapa.com\/index.php?rest_route=\/wp\/v2\/pages\/3312\/revisions\/3315"}],"wp:attachment":[{"href":"https:\/\/endodonciaxalapa.com\/index.php?rest_route=%2Fwp%2Fv2%2Fmedia&parent=3312"}],"curies":[{"name":"wp","href":"https:\/\/api.w.org\/{rel}","templated":true}]}}